{"id":844,"date":"2025-08-19T22:14:59","date_gmt":"2025-08-19T22:14:59","guid":{"rendered":"https:\/\/pool-party.fr\/?post_type=product&#038;p=844"},"modified":"2025-09-18T16:33:24","modified_gmt":"2025-09-18T16:33:24","slug":"jacuzzi-romantique-pour-deux-eaux-location","status":"publish","type":"product","link":"https:\/\/pool-party.fr\/index.php\/produit\/jacuzzi-romantique-pour-deux-eaux-location\/","title":{"rendered":"Jacuzzi romantique pour deux"},"content":{"rendered":"","protected":false},"excerpt":{"rendered":"<h1><strong>Jacuzzi romantique pour deux<\/strong><\/h1>\n<p><strong data-start=\"767\" data-end=\"781\">Capacit\u00e9 :<\/strong> 2 personnes<\/p>\n<p data-start=\"1895\" data-end=\"2195\">Id\u00e9al pour une escapade romantique, ce jacuzzi \u00e0 <strong data-start=\"1993\" data-end=\"2002\">Paris<\/strong> est lou\u00e9 par <strong data-start=\"2016\" data-end=\"2030\">Mme Claire<\/strong>.<\/p>\n<p data-start=\"767\" data-end=\"1117\">Un jacuzzi intime pour une soir\u00e9e d\u00e9tente \u00e0 deux, sous les \u00e9toiles.<\/p>\n<p data-start=\"767\" data-end=\"1117\">Ce jacuzzi priv\u00e9 est id\u00e9al pour les couples qui souhaitent se relaxer apr\u00e8s une longue journ\u00e9e.<\/p>\n<p data-start=\"767\" data-end=\"1117\">Avec un syst\u00e8me de bulles apaisant et une eau chauff\u00e9e \u00e0 38\u00b0C, il offre une exp\u00e9rience de spa luxueuse chez un particulier, dans un cadre calme et discret.<\/p>\n<p data-start=\"767\" data-end=\"1117\">[wpdevart_booking_calendar id=\"1\"]<\/p>\n","protected":false},"featured_media":849,"comment_status":"open","ping_status":"closed","template":"","meta":{"jetpack_post_was_ever_published":false,"jetpack_publicize_message":"","jetpack_publicize_feature_enabled":true,"jetpack_social_post_already_shared":true,"jetpack_social_options":{"image_generator_settings":{"template":"highway","default_image_id":0,"font":"","enabled":false},"version":2}},"product_brand":[],"product_cat":[23],"product_tag":[],"class_list":{"0":"post-844","1":"product","2":"type-product","3":"status-publish","4":"has-post-thumbnail","6":"product_cat-jacuzzi","8":"first","9":"instock","10":"shipping-taxable","11":"purchasable","12":"product-type-simple"},"yoast_head":"<!-- This site is optimized with the Yoast SEO plugin v27.3 - https:\/\/yoast.com\/product\/yoast-seo-wordpress\/ -->\n<title>Jacuzzi romantique pour deux - Pool Party<\/title>\n<meta name=\"description\" content=\"Jacuzzi romantique \u00e0 Paris, propos\u00e9 par Mme Claire, id\u00e9al pour profiter de bulles chaudes, d\u2019un moment de d\u00e9tente \u00e0 deux dans un cadre intime\" \/>\n<meta name=\"robots\" content=\"index, follow, max-snippet:-1, max-image-preview:large, max-video-preview:-1\" \/>\n<link rel=\"canonical\" href=\"https:\/\/pool-party.fr\/index.php\/produit\/jacuzzi-romantique-pour-deux-eaux-location\/\" \/>\n<meta property=\"og:locale\" content=\"fr_FR\" \/>\n<meta property=\"og:type\" content=\"article\" \/>\n<meta property=\"og:title\" content=\"Jacuzzi romantique pour deux - Pool Party\" \/>\n<meta property=\"og:description\" content=\"Jacuzzi romantique \u00e0 Paris, propos\u00e9 par Mme Claire, id\u00e9al pour profiter de bulles chaudes, d\u2019un moment de d\u00e9tente \u00e0 deux dans un cadre intime\" \/>\n<meta property=\"og:url\" content=\"https:\/\/pool-party.fr\/index.php\/produit\/jacuzzi-romantique-pour-deux-eaux-location\/\" \/>\n<meta property=\"og:site_name\" content=\"Pool Party\" \/>\n<meta property=\"article:modified_time\" content=\"2025-09-18T16:33:24+00:00\" \/>\n<meta property=\"og:image\" content=\"https:\/\/pool-party.fr\/wp-content\/uploads\/2025\/08\/9413f2c109fc5d9ed2d99c7f10af852e.jpg\" \/>\n\t<meta property=\"og:image:width\" content=\"736\" \/>\n\t<meta property=\"og:image:height\" content=\"736\" \/>\n\t<meta property=\"og:image:type\" content=\"image\/jpeg\" \/>\n<meta name=\"twitter:card\" content=\"summary_large_image\" \/>\n<meta name=\"twitter:label1\" content=\"Dur\u00e9e de lecture estim\u00e9e\" \/>\n\t<meta name=\"twitter:data1\" content=\"1 minute\" \/>\n<script type=\"application\/ld+json\" class=\"yoast-schema-graph\">{\"@context\":\"https:\\\/\\\/schema.org\",\"@graph\":[{\"@type\":\"WebPage\",\"@id\":\"https:\\\/\\\/pool-party.fr\\\/index.php\\\/produit\\\/jacuzzi-romantique-pour-deux-eaux-location\\\/\",\"url\":\"https:\\\/\\\/pool-party.fr\\\/index.php\\\/produit\\\/jacuzzi-romantique-pour-deux-eaux-location\\\/\",\"name\":\"Jacuzzi romantique pour deux - Pool Party\",\"isPartOf\":{\"@id\":\"https:\\\/\\\/pool-party.fr\\\/#website\"},\"primaryImageOfPage\":{\"@id\":\"https:\\\/\\\/pool-party.fr\\\/index.php\\\/produit\\\/jacuzzi-romantique-pour-deux-eaux-location\\\/#primaryimage\"},\"image\":{\"@id\":\"https:\\\/\\\/pool-party.fr\\\/index.php\\\/produit\\\/jacuzzi-romantique-pour-deux-eaux-location\\\/#primaryimage\"},\"thumbnailUrl\":\"https:\\\/\\\/i0.wp.com\\\/pool-party.fr\\\/wp-content\\\/uploads\\\/2025\\\/08\\\/9413f2c109fc5d9ed2d99c7f10af852e.jpg?fit=736%2C736&ssl=1\",\"datePublished\":\"2025-08-19T22:14:59+00:00\",\"dateModified\":\"2025-09-18T16:33:24+00:00\",\"description\":\"Jacuzzi romantique \u00e0 Paris, propos\u00e9 par Mme Claire, id\u00e9al pour profiter de bulles chaudes, d\u2019un moment de d\u00e9tente \u00e0 deux dans un cadre intime\",\"breadcrumb\":{\"@id\":\"https:\\\/\\\/pool-party.fr\\\/index.php\\\/produit\\\/jacuzzi-romantique-pour-deux-eaux-location\\\/#breadcrumb\"},\"inLanguage\":\"fr-FR\",\"potentialAction\":[{\"@type\":\"ReadAction\",\"target\":[\"https:\\\/\\\/pool-party.fr\\\/index.php\\\/produit\\\/jacuzzi-romantique-pour-deux-eaux-location\\\/\"]}]},{\"@type\":\"ImageObject\",\"inLanguage\":\"fr-FR\",\"@id\":\"https:\\\/\\\/pool-party.fr\\\/index.php\\\/produit\\\/jacuzzi-romantique-pour-deux-eaux-location\\\/#primaryimage\",\"url\":\"https:\\\/\\\/i0.wp.com\\\/pool-party.fr\\\/wp-content\\\/uploads\\\/2025\\\/08\\\/9413f2c109fc5d9ed2d99c7f10af852e.jpg?fit=736%2C736&ssl=1\",\"contentUrl\":\"https:\\\/\\\/i0.wp.com\\\/pool-party.fr\\\/wp-content\\\/uploads\\\/2025\\\/08\\\/9413f2c109fc5d9ed2d99c7f10af852e.jpg?fit=736%2C736&ssl=1\",\"width\":736,\"height\":736,\"caption\":\"Photo du Jacuzzi romantique\"},{\"@type\":\"BreadcrumbList\",\"@id\":\"https:\\\/\\\/pool-party.fr\\\/index.php\\\/produit\\\/jacuzzi-romantique-pour-deux-eaux-location\\\/#breadcrumb\",\"itemListElement\":[{\"@type\":\"ListItem\",\"position\":1,\"name\":\"Accueil\",\"item\":\"https:\\\/\\\/pool-party.fr\\\/\"},{\"@type\":\"ListItem\",\"position\":2,\"name\":\"R\u00e9server un espace\",\"item\":\"https:\\\/\\\/pool-party.fr\\\/index.php\\\/boutique\\\/\"},{\"@type\":\"ListItem\",\"position\":3,\"name\":\"Jacuzzi romantique pour deux\"}]},{\"@type\":\"WebSite\",\"@id\":\"https:\\\/\\\/pool-party.fr\\\/#website\",\"url\":\"https:\\\/\\\/pool-party.fr\\\/\",\"name\":\"Pool Party\",\"description\":\"\",\"publisher\":{\"@id\":\"https:\\\/\\\/pool-party.fr\\\/#organization\"},\"potentialAction\":[{\"@type\":\"SearchAction\",\"target\":{\"@type\":\"EntryPoint\",\"urlTemplate\":\"https:\\\/\\\/pool-party.fr\\\/?s={search_term_string}\"},\"query-input\":{\"@type\":\"PropertyValueSpecification\",\"valueRequired\":true,\"valueName\":\"search_term_string\"}}],\"inLanguage\":\"fr-FR\"},{\"@type\":\"Organization\",\"@id\":\"https:\\\/\\\/pool-party.fr\\\/#organization\",\"name\":\"Pool Party\",\"url\":\"https:\\\/\\\/pool-party.fr\\\/\",\"logo\":{\"@type\":\"ImageObject\",\"inLanguage\":\"fr-FR\",\"@id\":\"https:\\\/\\\/pool-party.fr\\\/#\\\/schema\\\/logo\\\/image\\\/\",\"url\":\"https:\\\/\\\/pool-party.fr\\\/wp-content\\\/uploads\\\/2025\\\/07\\\/Plan-de-travail-4.png\",\"contentUrl\":\"https:\\\/\\\/pool-party.fr\\\/wp-content\\\/uploads\\\/2025\\\/07\\\/Plan-de-travail-4.png\",\"width\":500,\"height\":500,\"caption\":\"Pool Party\"},\"image\":{\"@id\":\"https:\\\/\\\/pool-party.fr\\\/#\\\/schema\\\/logo\\\/image\\\/\"},\"sameAs\":[\"https:\\\/\\\/www.instagram.com\\\/poolparty252025\\\/\"]}]}<\/script>\n<!-- \/ Yoast SEO plugin. -->","yoast_head_json":{"title":"Jacuzzi romantique pour deux - Pool Party","description":"Jacuzzi romantique \u00e0 Paris, propos\u00e9 par Mme Claire, id\u00e9al pour profiter de bulles chaudes, d\u2019un moment de d\u00e9tente \u00e0 deux dans un cadre intime","robots":{"index":"index","follow":"follow","max-snippet":"max-snippet:-1","max-image-preview":"max-image-preview:large","max-video-preview":"max-video-preview:-1"},"canonical":"https:\/\/pool-party.fr\/index.php\/produit\/jacuzzi-romantique-pour-deux-eaux-location\/","og_locale":"fr_FR","og_type":"article","og_title":"Jacuzzi romantique pour deux - Pool Party","og_description":"Jacuzzi romantique \u00e0 Paris, propos\u00e9 par Mme Claire, id\u00e9al pour profiter de bulles chaudes, d\u2019un moment de d\u00e9tente \u00e0 deux dans un cadre intime","og_url":"https:\/\/pool-party.fr\/index.php\/produit\/jacuzzi-romantique-pour-deux-eaux-location\/","og_site_name":"Pool Party","article_modified_time":"2025-09-18T16:33:24+00:00","og_image":[{"width":736,"height":736,"url":"https:\/\/pool-party.fr\/wp-content\/uploads\/2025\/08\/9413f2c109fc5d9ed2d99c7f10af852e.jpg","type":"image\/jpeg"}],"twitter_card":"summary_large_image","twitter_misc":{"Dur\u00e9e de lecture estim\u00e9e":"1 minute"},"schema":{"@context":"https:\/\/schema.org","@graph":[{"@type":"WebPage","@id":"https:\/\/pool-party.fr\/index.php\/produit\/jacuzzi-romantique-pour-deux-eaux-location\/","url":"https:\/\/pool-party.fr\/index.php\/produit\/jacuzzi-romantique-pour-deux-eaux-location\/","name":"Jacuzzi romantique pour deux - Pool Party","isPartOf":{"@id":"https:\/\/pool-party.fr\/#website"},"primaryImageOfPage":{"@id":"https:\/\/pool-party.fr\/index.php\/produit\/jacuzzi-romantique-pour-deux-eaux-location\/#primaryimage"},"image":{"@id":"https:\/\/pool-party.fr\/index.php\/produit\/jacuzzi-romantique-pour-deux-eaux-location\/#primaryimage"},"thumbnailUrl":"https:\/\/i0.wp.com\/pool-party.fr\/wp-content\/uploads\/2025\/08\/9413f2c109fc5d9ed2d99c7f10af852e.jpg?fit=736%2C736&ssl=1","datePublished":"2025-08-19T22:14:59+00:00","dateModified":"2025-09-18T16:33:24+00:00","description":"Jacuzzi romantique \u00e0 Paris, propos\u00e9 par Mme Claire, id\u00e9al pour profiter de bulles chaudes, d\u2019un moment de d\u00e9tente \u00e0 deux dans un cadre intime","breadcrumb":{"@id":"https:\/\/pool-party.fr\/index.php\/produit\/jacuzzi-romantique-pour-deux-eaux-location\/#breadcrumb"},"inLanguage":"fr-FR","potentialAction":[{"@type":"ReadAction","target":["https:\/\/pool-party.fr\/index.php\/produit\/jacuzzi-romantique-pour-deux-eaux-location\/"]}]},{"@type":"ImageObject","inLanguage":"fr-FR","@id":"https:\/\/pool-party.fr\/index.php\/produit\/jacuzzi-romantique-pour-deux-eaux-location\/#primaryimage","url":"https:\/\/i0.wp.com\/pool-party.fr\/wp-content\/uploads\/2025\/08\/9413f2c109fc5d9ed2d99c7f10af852e.jpg?fit=736%2C736&ssl=1","contentUrl":"https:\/\/i0.wp.com\/pool-party.fr\/wp-content\/uploads\/2025\/08\/9413f2c109fc5d9ed2d99c7f10af852e.jpg?fit=736%2C736&ssl=1","width":736,"height":736,"caption":"Photo du Jacuzzi romantique"},{"@type":"BreadcrumbList","@id":"https:\/\/pool-party.fr\/index.php\/produit\/jacuzzi-romantique-pour-deux-eaux-location\/#breadcrumb","itemListElement":[{"@type":"ListItem","position":1,"name":"Accueil","item":"https:\/\/pool-party.fr\/"},{"@type":"ListItem","position":2,"name":"R\u00e9server un espace","item":"https:\/\/pool-party.fr\/index.php\/boutique\/"},{"@type":"ListItem","position":3,"name":"Jacuzzi romantique pour deux"}]},{"@type":"WebSite","@id":"https:\/\/pool-party.fr\/#website","url":"https:\/\/pool-party.fr\/","name":"Pool Party","description":"","publisher":{"@id":"https:\/\/pool-party.fr\/#organization"},"potentialAction":[{"@type":"SearchAction","target":{"@type":"EntryPoint","urlTemplate":"https:\/\/pool-party.fr\/?s={search_term_string}"},"query-input":{"@type":"PropertyValueSpecification","valueRequired":true,"valueName":"search_term_string"}}],"inLanguage":"fr-FR"},{"@type":"Organization","@id":"https:\/\/pool-party.fr\/#organization","name":"Pool Party","url":"https:\/\/pool-party.fr\/","logo":{"@type":"ImageObject","inLanguage":"fr-FR","@id":"https:\/\/pool-party.fr\/#\/schema\/logo\/image\/","url":"https:\/\/pool-party.fr\/wp-content\/uploads\/2025\/07\/Plan-de-travail-4.png","contentUrl":"https:\/\/pool-party.fr\/wp-content\/uploads\/2025\/07\/Plan-de-travail-4.png","width":500,"height":500,"caption":"Pool Party"},"image":{"@id":"https:\/\/pool-party.fr\/#\/schema\/logo\/image\/"},"sameAs":["https:\/\/www.instagram.com\/poolparty252025\/"]}]}},"jetpack_publicize_connections":[],"jetpack_sharing_enabled":true,"_links":{"self":[{"href":"https:\/\/pool-party.fr\/index.php\/wp-json\/wp\/v2\/product\/844","targetHints":{"allow":["GET"]}}],"collection":[{"href":"https:\/\/pool-party.fr\/index.php\/wp-json\/wp\/v2\/product"}],"about":[{"href":"https:\/\/pool-party.fr\/index.php\/wp-json\/wp\/v2\/types\/product"}],"replies":[{"embeddable":true,"href":"https:\/\/pool-party.fr\/index.php\/wp-json\/wp\/v2\/comments?post=844"}],"wp:featuredmedia":[{"embeddable":true,"href":"https:\/\/pool-party.fr\/index.php\/wp-json\/wp\/v2\/media\/849"}],"wp:attachment":[{"href":"https:\/\/pool-party.fr\/index.php\/wp-json\/wp\/v2\/media?parent=844"}],"wp:term":[{"taxonomy":"product_brand","embeddable":true,"href":"https:\/\/pool-party.fr\/index.php\/wp-json\/wp\/v2\/product_brand?post=844"},{"taxonomy":"product_cat","embeddable":true,"href":"https:\/\/pool-party.fr\/index.php\/wp-json\/wp\/v2\/product_cat?post=844"},{"taxonomy":"product_tag","embeddable":true,"href":"https:\/\/pool-party.fr\/index.php\/wp-json\/wp\/v2\/product_tag?post=844"}],"curies":[{"name":"wp","href":"https:\/\/api.w.org\/{rel}","templated":true}]}}