{"id":78,"date":"2025-07-27T16:10:13","date_gmt":"2025-07-27T16:10:13","guid":{"rendered":"https:\/\/pool-party.fr\/?page_id=78"},"modified":"2025-08-19T20:14:32","modified_gmt":"2025-08-19T20:14:32","slug":"blogs","status":"publish","type":"page","link":"https:\/\/pool-party.fr\/index.php\/blogs\/","title":{"rendered":"Blogs"},"content":{"rendered":"\n<div style=\"height:25px\" aria-hidden=\"true\" class=\"wp-block-spacer\"><\/div>\n\n\n\n<h1 class=\"wp-block-heading has-text-align-center has-text-color has-background has-link-color has-x-large-font-size wp-elements-939130c6b93b98e699f705e6cd60d7b0\" style=\"color:#007268;background-color:#b7f4e2\">BLOGS<\/h1>\n\n\n\n<div style=\"height:25px\" aria-hidden=\"true\" class=\"wp-block-spacer\"><\/div>\n\n\n\n<div class=\"wp-block-columns is-layout-flex wp-container-core-columns-is-layout-9d6595d7 wp-block-columns-is-layout-flex\">\n<div class=\"wp-block-column is-layout-flow wp-block-column-is-layout-flow\">\n<figure class=\"wp-block-image size-full is-resized\"><img data-recalc-dims=\"1\" loading=\"lazy\" decoding=\"async\" width=\"300\" height=\"300\" src=\"https:\/\/i0.wp.com\/pool-party.fr\/wp-content\/uploads\/2025\/08\/31.jpg?resize=300%2C300&#038;ssl=1\" alt=\"\" class=\"wp-image-724\" style=\"width:416px;height:auto\" srcset=\"https:\/\/i0.wp.com\/pool-party.fr\/wp-content\/uploads\/2025\/08\/31.jpg?w=300&amp;ssl=1 300w, https:\/\/i0.wp.com\/pool-party.fr\/wp-content\/uploads\/2025\/08\/31.jpg?resize=100%2C100&amp;ssl=1 100w, https:\/\/i0.wp.com\/pool-party.fr\/wp-content\/uploads\/2025\/08\/31.jpg?resize=150%2C150&amp;ssl=1 150w\" sizes=\"auto, (max-width: 300px) 100vw, 300px\" \/><\/figure>\n<\/div>\n\n\n\n<div class=\"wp-block-column is-layout-flow wp-block-column-is-layout-flow\">\n<div style=\"height:44px\" aria-hidden=\"true\" class=\"wp-block-spacer\"><\/div>\n\n\n\n<h2 class=\"wp-block-heading has-text-align-center\" style=\"font-size:25px\"><strong><strong>Conseils pour organiser la parfaite journ\u00e9e autour de l\u2019eau<\/strong><\/strong><\/h2>\n\n\n\n<div style=\"height:39px\" aria-hidden=\"true\" class=\"wp-block-spacer\"><\/div>\n\n\n\n<div class=\"wp-block-buttons is-content-justification-center is-layout-flex wp-container-core-buttons-is-layout-16018d1d wp-block-buttons-is-layout-flex\">\n<div class=\"wp-block-button\"><a class=\"wp-block-button__link has-black-color has-luminous-vivid-amber-background-color has-text-color has-background has-link-color wp-element-button\">Conseil<\/a><\/div>\n\n\n\n<div class=\"wp-block-button is-style-fill\"><a class=\"wp-block-button__link has-black-color has-luminous-vivid-amber-background-color has-text-color has-background has-link-color has-text-align-center wp-element-button\" style=\"border-radius:100px\">Piscine<\/a><\/div>\n<\/div>\n\n\n\n<div style=\"height:19px\" aria-hidden=\"true\" class=\"wp-block-spacer\"><\/div>\n\n\n\n<p class=\"has-text-align-center\">21 juillet 2025<\/p>\n\n\n\n<div style=\"height:19px\" aria-hidden=\"true\" class=\"wp-block-spacer\"><\/div>\n\n\n\n<div class=\"wp-block-buttons is-content-justification-center is-layout-flex wp-container-core-buttons-is-layout-16018d1d wp-block-buttons-is-layout-flex\">\n<div class=\"wp-block-button is-style-outline is-style-outline--1\"><a class=\"wp-block-button__link has-text-align-center wp-element-button\">Voir<\/a><\/div>\n<\/div>\n<\/div>\n<\/div>\n\n\n\n<div style=\"height:25px\" aria-hidden=\"true\" class=\"wp-block-spacer\"><\/div>\n\n\n\n<div class=\"wp-block-columns is-layout-flex wp-container-core-columns-is-layout-9d6595d7 wp-block-columns-is-layout-flex\">\n<div class=\"wp-block-column is-layout-flow wp-block-column-is-layout-flow\">\n<figure class=\"wp-block-image size-full is-resized\"><img data-recalc-dims=\"1\" loading=\"lazy\" decoding=\"async\" width=\"300\" height=\"300\" src=\"https:\/\/i0.wp.com\/pool-party.fr\/wp-content\/uploads\/2025\/08\/29.jpg?resize=300%2C300&#038;ssl=1\" alt=\"\" class=\"wp-image-725\" style=\"width:416px;height:auto\" srcset=\"https:\/\/i0.wp.com\/pool-party.fr\/wp-content\/uploads\/2025\/08\/29.jpg?w=300&amp;ssl=1 300w, https:\/\/i0.wp.com\/pool-party.fr\/wp-content\/uploads\/2025\/08\/29.jpg?resize=100%2C100&amp;ssl=1 100w, https:\/\/i0.wp.com\/pool-party.fr\/wp-content\/uploads\/2025\/08\/29.jpg?resize=150%2C150&amp;ssl=1 150w\" sizes=\"auto, (max-width: 300px) 100vw, 300px\" \/><\/figure>\n<\/div>\n\n\n\n<div class=\"wp-block-column is-layout-flow wp-block-column-is-layout-flow\">\n<div style=\"height:44px\" aria-hidden=\"true\" class=\"wp-block-spacer\"><\/div>\n\n\n\n<h2 class=\"wp-block-heading has-text-align-center\" style=\"font-size:25px\"><strong><strong>Guide simple pour une piscine impeccable<\/strong><\/strong><\/h2>\n\n\n\n<div style=\"height:40px\" aria-hidden=\"true\" class=\"wp-block-spacer\"><\/div>\n\n\n\n<div class=\"wp-block-buttons is-content-justification-center is-layout-flex wp-container-core-buttons-is-layout-16018d1d wp-block-buttons-is-layout-flex\">\n<div class=\"wp-block-button\"><a class=\"wp-block-button__link has-black-color has-luminous-vivid-amber-background-color has-text-color has-background has-link-color wp-element-button\">Conseil<\/a><\/div>\n\n\n\n<div class=\"wp-block-button is-style-fill\"><a class=\"wp-block-button__link has-black-color has-luminous-vivid-amber-background-color has-text-color has-background has-link-color has-text-align-center wp-element-button\" style=\"border-radius:100px\">Piscine<\/a><\/div>\n<\/div>\n\n\n\n<div style=\"height:41px\" aria-hidden=\"true\" class=\"wp-block-spacer\"><\/div>\n\n\n\n<p class=\"has-text-align-center\">8 ao\u00fbt 2025<\/p>\n\n\n\n<div style=\"height:41px\" aria-hidden=\"true\" class=\"wp-block-spacer\"><\/div>\n\n\n\n<div class=\"wp-block-buttons is-content-justification-center is-layout-flex wp-container-core-buttons-is-layout-16018d1d wp-block-buttons-is-layout-flex\">\n<div class=\"wp-block-button is-style-outline is-style-outline--2\"><a class=\"wp-block-button__link has-text-align-center wp-element-button\" href=\"https:\/\/pool-party.fr\/index.php\/2025\/08\/15\/article\/\">Voir<\/a><\/div>\n<\/div>\n<\/div>\n<\/div>\n\n\n\n<div style=\"height:25px\" aria-hidden=\"true\" class=\"wp-block-spacer\"><\/div>\n\n\n\n<div class=\"wp-block-columns is-layout-flex wp-container-core-columns-is-layout-9d6595d7 wp-block-columns-is-layout-flex\">\n<div class=\"wp-block-column is-layout-flow wp-block-column-is-layout-flow\">\n<figure class=\"wp-block-image size-full is-resized\"><img data-recalc-dims=\"1\" loading=\"lazy\" decoding=\"async\" width=\"300\" height=\"300\" src=\"https:\/\/i0.wp.com\/pool-party.fr\/wp-content\/uploads\/2025\/08\/30.jpg?resize=300%2C300&#038;ssl=1\" alt=\"\" class=\"wp-image-726\" style=\"width:416px;height:auto\" srcset=\"https:\/\/i0.wp.com\/pool-party.fr\/wp-content\/uploads\/2025\/08\/30.jpg?w=300&amp;ssl=1 300w, https:\/\/i0.wp.com\/pool-party.fr\/wp-content\/uploads\/2025\/08\/30.jpg?resize=100%2C100&amp;ssl=1 100w, https:\/\/i0.wp.com\/pool-party.fr\/wp-content\/uploads\/2025\/08\/30.jpg?resize=150%2C150&amp;ssl=1 150w\" sizes=\"auto, (max-width: 300px) 100vw, 300px\" \/><\/figure>\n<\/div>\n\n\n\n<div class=\"wp-block-column is-layout-flow wp-block-column-is-layout-flow\">\n<div style=\"height:44px\" aria-hidden=\"true\" class=\"wp-block-spacer\"><\/div>\n\n\n\n<h2 class=\"wp-block-heading has-text-align-center\" style=\"font-size:25px\"><strong><strong>Temp\u00e9rature id\u00e9ale de l\u2019eau de piscine<\/strong><\/strong><\/h2>\n\n\n\n<div style=\"height:41px\" aria-hidden=\"true\" class=\"wp-block-spacer\"><\/div>\n\n\n\n<div class=\"wp-block-buttons is-content-justification-center is-layout-flex wp-container-core-buttons-is-layout-16018d1d wp-block-buttons-is-layout-flex\">\n<div class=\"wp-block-button\"><a class=\"wp-block-button__link has-black-color has-luminous-vivid-amber-background-color has-text-color has-background has-link-color wp-element-button\">Conseil<\/a><\/div>\n\n\n\n<div class=\"wp-block-button is-style-fill\"><a class=\"wp-block-button__link has-black-color has-luminous-vivid-amber-background-color has-text-color has-background has-link-color has-text-align-center wp-element-button\" style=\"border-radius:100px\">Piscine<\/a><\/div>\n<\/div>\n\n\n\n<div style=\"height:41px\" aria-hidden=\"true\" class=\"wp-block-spacer\"><\/div>\n\n\n\n<p class=\"has-text-align-center\">20 ao\u00fbt 2025<\/p>\n\n\n\n<div style=\"height:41px\" aria-hidden=\"true\" class=\"wp-block-spacer\"><\/div>\n\n\n\n<div class=\"wp-block-buttons is-content-justification-center is-layout-flex wp-container-core-buttons-is-layout-16018d1d wp-block-buttons-is-layout-flex\">\n<div class=\"wp-block-button is-style-outline is-style-outline--3\"><a class=\"wp-block-button__link has-text-align-center wp-element-button\" href=\"https:\/\/pool-party.fr\/index.php\/2025\/08\/15\/temperature-piscine\/\">Voir<\/a><\/div>\n<\/div>\n<\/div>\n<\/div>\n\n\n\n<div style=\"height:73px\" aria-hidden=\"true\" class=\"wp-block-spacer\"><\/div>\n","protected":false},"excerpt":{"rendered":"<p>BLOGS Conseils pour organiser la parfaite journ\u00e9e autour de l\u2019eau 21 juillet 2025 Guide simple pour une piscine impeccable 8 ao\u00fbt 2025 Temp\u00e9rature id\u00e9ale de l\u2019eau de piscine 20 ao\u00fbt 2025<\/p>\n","protected":false},"author":2,"featured_media":0,"parent":0,"menu_order":0,"comment_status":"closed","ping_status":"closed","template":"","meta":{"jetpack_post_was_ever_published":true,"footnotes":""},"class_list":["post-78","page","type-page","status-publish","hentry"],"yoast_head":"<!-- This site is optimized with the Yoast SEO plugin v27.3 - https:\/\/yoast.com\/product\/yoast-seo-wordpress\/ -->\n<title>Blogs - Pool Party<\/title>\n<meta name=\"description\" content=\"Inspirez vos moments d\u00e9tente avec nos conseils et astuces pour profiter pleinement de votre piscine et spa.\" \/>\n<meta name=\"robots\" content=\"index, follow, max-snippet:-1, max-image-preview:large, max-video-preview:-1\" \/>\n<link rel=\"canonical\" href=\"https:\/\/pool-party.fr\/index.php\/blogs\/\" \/>\n<meta property=\"og:locale\" content=\"fr_FR\" \/>\n<meta property=\"og:type\" content=\"article\" \/>\n<meta property=\"og:title\" content=\"Blogs - Pool Party\" \/>\n<meta property=\"og:description\" content=\"Inspirez vos moments d\u00e9tente avec nos conseils et astuces pour profiter pleinement de votre piscine et spa.\" \/>\n<meta property=\"og:url\" content=\"https:\/\/pool-party.fr\/index.php\/blogs\/\" \/>\n<meta property=\"og:site_name\" content=\"Pool Party\" \/>\n<meta property=\"article:modified_time\" content=\"2025-08-19T20:14:32+00:00\" \/>\n<meta property=\"og:image\" content=\"https:\/\/pool-party.fr\/wp-content\/uploads\/2025\/08\/31.jpg\" \/>\n<meta name=\"twitter:card\" content=\"summary_large_image\" \/>\n<meta name=\"twitter:label1\" content=\"Dur\u00e9e de lecture estim\u00e9e\" \/>\n\t<meta name=\"twitter:data1\" content=\"1 minute\" \/>\n<script type=\"application\/ld+json\" class=\"yoast-schema-graph\">{\"@context\":\"https:\\\/\\\/schema.org\",\"@graph\":[{\"@type\":\"WebPage\",\"@id\":\"https:\\\/\\\/pool-party.fr\\\/index.php\\\/blogs\\\/\",\"url\":\"https:\\\/\\\/pool-party.fr\\\/index.php\\\/blogs\\\/\",\"name\":\"Blogs - Pool Party\",\"isPartOf\":{\"@id\":\"https:\\\/\\\/pool-party.fr\\\/#website\"},\"primaryImageOfPage\":{\"@id\":\"https:\\\/\\\/pool-party.fr\\\/index.php\\\/blogs\\\/#primaryimage\"},\"image\":{\"@id\":\"https:\\\/\\\/pool-party.fr\\\/index.php\\\/blogs\\\/#primaryimage\"},\"thumbnailUrl\":\"https:\\\/\\\/pool-party.fr\\\/wp-content\\\/uploads\\\/2025\\\/08\\\/31.jpg\",\"datePublished\":\"2025-07-27T16:10:13+00:00\",\"dateModified\":\"2025-08-19T20:14:32+00:00\",\"description\":\"Inspirez vos moments d\u00e9tente avec nos conseils et astuces pour profiter pleinement de votre piscine et spa.\",\"breadcrumb\":{\"@id\":\"https:\\\/\\\/pool-party.fr\\\/index.php\\\/blogs\\\/#breadcrumb\"},\"inLanguage\":\"fr-FR\",\"potentialAction\":[{\"@type\":\"ReadAction\",\"target\":[\"https:\\\/\\\/pool-party.fr\\\/index.php\\\/blogs\\\/\"]}]},{\"@type\":\"ImageObject\",\"inLanguage\":\"fr-FR\",\"@id\":\"https:\\\/\\\/pool-party.fr\\\/index.php\\\/blogs\\\/#primaryimage\",\"url\":\"https:\\\/\\\/i0.wp.com\\\/pool-party.fr\\\/wp-content\\\/uploads\\\/2025\\\/08\\\/31.jpg?fit=300%2C300&ssl=1\",\"contentUrl\":\"https:\\\/\\\/i0.wp.com\\\/pool-party.fr\\\/wp-content\\\/uploads\\\/2025\\\/08\\\/31.jpg?fit=300%2C300&ssl=1\",\"width\":300,\"height\":300,\"caption\":\"Piscine -moment- blog - eau - location - spa - jacuzzi\"},{\"@type\":\"BreadcrumbList\",\"@id\":\"https:\\\/\\\/pool-party.fr\\\/index.php\\\/blogs\\\/#breadcrumb\",\"itemListElement\":[{\"@type\":\"ListItem\",\"position\":1,\"name\":\"Accueil\",\"item\":\"https:\\\/\\\/pool-party.fr\\\/\"},{\"@type\":\"ListItem\",\"position\":2,\"name\":\"Blogs\"}]},{\"@type\":\"WebSite\",\"@id\":\"https:\\\/\\\/pool-party.fr\\\/#website\",\"url\":\"https:\\\/\\\/pool-party.fr\\\/\",\"name\":\"Pool Party\",\"description\":\"\",\"publisher\":{\"@id\":\"https:\\\/\\\/pool-party.fr\\\/#organization\"},\"potentialAction\":[{\"@type\":\"SearchAction\",\"target\":{\"@type\":\"EntryPoint\",\"urlTemplate\":\"https:\\\/\\\/pool-party.fr\\\/?s={search_term_string}\"},\"query-input\":{\"@type\":\"PropertyValueSpecification\",\"valueRequired\":true,\"valueName\":\"search_term_string\"}}],\"inLanguage\":\"fr-FR\"},{\"@type\":\"Organization\",\"@id\":\"https:\\\/\\\/pool-party.fr\\\/#organization\",\"name\":\"Pool Party\",\"url\":\"https:\\\/\\\/pool-party.fr\\\/\",\"logo\":{\"@type\":\"ImageObject\",\"inLanguage\":\"fr-FR\",\"@id\":\"https:\\\/\\\/pool-party.fr\\\/#\\\/schema\\\/logo\\\/image\\\/\",\"url\":\"https:\\\/\\\/pool-party.fr\\\/wp-content\\\/uploads\\\/2025\\\/07\\\/Plan-de-travail-4.png\",\"contentUrl\":\"https:\\\/\\\/pool-party.fr\\\/wp-content\\\/uploads\\\/2025\\\/07\\\/Plan-de-travail-4.png\",\"width\":500,\"height\":500,\"caption\":\"Pool Party\"},\"image\":{\"@id\":\"https:\\\/\\\/pool-party.fr\\\/#\\\/schema\\\/logo\\\/image\\\/\"},\"sameAs\":[\"https:\\\/\\\/www.instagram.com\\\/poolparty252025\\\/\"]}]}<\/script>\n<!-- \/ Yoast SEO plugin. -->","yoast_head_json":{"title":"Blogs - Pool Party","description":"Inspirez vos moments d\u00e9tente avec nos conseils et astuces pour profiter pleinement de votre piscine et spa.","robots":{"index":"index","follow":"follow","max-snippet":"max-snippet:-1","max-image-preview":"max-image-preview:large","max-video-preview":"max-video-preview:-1"},"canonical":"https:\/\/pool-party.fr\/index.php\/blogs\/","og_locale":"fr_FR","og_type":"article","og_title":"Blogs - Pool Party","og_description":"Inspirez vos moments d\u00e9tente avec nos conseils et astuces pour profiter pleinement de votre piscine et spa.","og_url":"https:\/\/pool-party.fr\/index.php\/blogs\/","og_site_name":"Pool Party","article_modified_time":"2025-08-19T20:14:32+00:00","og_image":[{"url":"https:\/\/pool-party.fr\/wp-content\/uploads\/2025\/08\/31.jpg","type":"","width":"","height":""}],"twitter_card":"summary_large_image","twitter_misc":{"Dur\u00e9e de lecture estim\u00e9e":"1 minute"},"schema":{"@context":"https:\/\/schema.org","@graph":[{"@type":"WebPage","@id":"https:\/\/pool-party.fr\/index.php\/blogs\/","url":"https:\/\/pool-party.fr\/index.php\/blogs\/","name":"Blogs - Pool Party","isPartOf":{"@id":"https:\/\/pool-party.fr\/#website"},"primaryImageOfPage":{"@id":"https:\/\/pool-party.fr\/index.php\/blogs\/#primaryimage"},"image":{"@id":"https:\/\/pool-party.fr\/index.php\/blogs\/#primaryimage"},"thumbnailUrl":"https:\/\/pool-party.fr\/wp-content\/uploads\/2025\/08\/31.jpg","datePublished":"2025-07-27T16:10:13+00:00","dateModified":"2025-08-19T20:14:32+00:00","description":"Inspirez vos moments d\u00e9tente avec nos conseils et astuces pour profiter pleinement de votre piscine et spa.","breadcrumb":{"@id":"https:\/\/pool-party.fr\/index.php\/blogs\/#breadcrumb"},"inLanguage":"fr-FR","potentialAction":[{"@type":"ReadAction","target":["https:\/\/pool-party.fr\/index.php\/blogs\/"]}]},{"@type":"ImageObject","inLanguage":"fr-FR","@id":"https:\/\/pool-party.fr\/index.php\/blogs\/#primaryimage","url":"https:\/\/i0.wp.com\/pool-party.fr\/wp-content\/uploads\/2025\/08\/31.jpg?fit=300%2C300&ssl=1","contentUrl":"https:\/\/i0.wp.com\/pool-party.fr\/wp-content\/uploads\/2025\/08\/31.jpg?fit=300%2C300&ssl=1","width":300,"height":300,"caption":"Piscine -moment- blog - eau - location - spa - jacuzzi"},{"@type":"BreadcrumbList","@id":"https:\/\/pool-party.fr\/index.php\/blogs\/#breadcrumb","itemListElement":[{"@type":"ListItem","position":1,"name":"Accueil","item":"https:\/\/pool-party.fr\/"},{"@type":"ListItem","position":2,"name":"Blogs"}]},{"@type":"WebSite","@id":"https:\/\/pool-party.fr\/#website","url":"https:\/\/pool-party.fr\/","name":"Pool Party","description":"","publisher":{"@id":"https:\/\/pool-party.fr\/#organization"},"potentialAction":[{"@type":"SearchAction","target":{"@type":"EntryPoint","urlTemplate":"https:\/\/pool-party.fr\/?s={search_term_string}"},"query-input":{"@type":"PropertyValueSpecification","valueRequired":true,"valueName":"search_term_string"}}],"inLanguage":"fr-FR"},{"@type":"Organization","@id":"https:\/\/pool-party.fr\/#organization","name":"Pool Party","url":"https:\/\/pool-party.fr\/","logo":{"@type":"ImageObject","inLanguage":"fr-FR","@id":"https:\/\/pool-party.fr\/#\/schema\/logo\/image\/","url":"https:\/\/pool-party.fr\/wp-content\/uploads\/2025\/07\/Plan-de-travail-4.png","contentUrl":"https:\/\/pool-party.fr\/wp-content\/uploads\/2025\/07\/Plan-de-travail-4.png","width":500,"height":500,"caption":"Pool Party"},"image":{"@id":"https:\/\/pool-party.fr\/#\/schema\/logo\/image\/"},"sameAs":["https:\/\/www.instagram.com\/poolparty252025\/"]}]}},"jetpack_sharing_enabled":true,"_links":{"self":[{"href":"https:\/\/pool-party.fr\/index.php\/wp-json\/wp\/v2\/pages\/78","targetHints":{"allow":["GET"]}}],"collection":[{"href":"https:\/\/pool-party.fr\/index.php\/wp-json\/wp\/v2\/pages"}],"about":[{"href":"https:\/\/pool-party.fr\/index.php\/wp-json\/wp\/v2\/types\/page"}],"author":[{"embeddable":true,"href":"https:\/\/pool-party.fr\/index.php\/wp-json\/wp\/v2\/users\/2"}],"replies":[{"embeddable":true,"href":"https:\/\/pool-party.fr\/index.php\/wp-json\/wp\/v2\/comments?post=78"}],"version-history":[{"count":23,"href":"https:\/\/pool-party.fr\/index.php\/wp-json\/wp\/v2\/pages\/78\/revisions"}],"predecessor-version":[{"id":756,"href":"https:\/\/pool-party.fr\/index.php\/wp-json\/wp\/v2\/pages\/78\/revisions\/756"}],"wp:attachment":[{"href":"https:\/\/pool-party.fr\/index.php\/wp-json\/wp\/v2\/media?parent=78"}],"curies":[{"name":"wp","href":"https:\/\/api.w.org\/{rel}","templated":true}]}}