{"id":76,"date":"2025-07-27T16:09:54","date_gmt":"2025-07-27T16:09:54","guid":{"rendered":"https:\/\/pool-party.fr\/?page_id=76"},"modified":"2025-08-19T20:15:03","modified_gmt":"2025-08-19T20:15:03","slug":"qui-sommes-nous","status":"publish","type":"page","link":"https:\/\/pool-party.fr\/index.php\/qui-sommes-nous\/","title":{"rendered":"Nous contacter"},"content":{"rendered":"\n<div style=\"height:20px\" aria-hidden=\"true\" class=\"wp-block-spacer\"><\/div>\n\n\n\n<h2 class=\"wp-block-heading has-text-align-center has-text-color has-link-color wp-elements-e1952bcb771571a0e005c559efea937b\" style=\"color:#59bb9a;font-size:35px\"><strong>POOL PARTY r\u00e9pond \u00e0 vos questions sur tous les sujets !<\/strong><\/h2>\n\n\n\n<div style=\"height:20px\" aria-hidden=\"true\" class=\"wp-block-spacer\"><\/div>\n\n\n\n<p class=\"has-text-align-center has-background\" style=\"background-color:#f9f5e4;font-size:25px\"><strong>Vous avez besoin d\u2019aide ?<br>Gagnez du temps en trouvant une r\u00e9ponse en quelques clics !<\/strong><\/p>\n\n\n\n<p class=\"has-text-align-center has-background\" style=\"background-color:#f9f5e4;font-size:25px\">Votre question concerne :<\/p>\n\n\n\n<div class=\"wp-block-columns is-layout-flex wp-container-core-columns-is-layout-9d6595d7 wp-block-columns-is-layout-flex\">\n<div class=\"wp-block-column is-layout-flow wp-block-column-is-layout-flow\">\n<div class=\"wp-block-cover wp-duotone-unset-1\"><img data-recalc-dims=\"1\" loading=\"lazy\" decoding=\"async\" width=\"300\" height=\"300\" class=\"wp-block-cover__image-background wp-image-576 size-full\" alt=\"\" src=\"https:\/\/i0.wp.com\/pool-party.fr\/wp-content\/uploads\/2025\/08\/19-1.jpg?resize=300%2C300&#038;ssl=1\" data-object-fit=\"cover\" srcset=\"https:\/\/i0.wp.com\/pool-party.fr\/wp-content\/uploads\/2025\/08\/19-1.jpg?w=300&amp;ssl=1 300w, https:\/\/i0.wp.com\/pool-party.fr\/wp-content\/uploads\/2025\/08\/19-1.jpg?resize=100%2C100&amp;ssl=1 100w, https:\/\/i0.wp.com\/pool-party.fr\/wp-content\/uploads\/2025\/08\/19-1.jpg?resize=150%2C150&amp;ssl=1 150w\" sizes=\"auto, (max-width: 300px) 100vw, 300px\" \/><span aria-hidden=\"true\" class=\"wp-block-cover__background has-background-dim\" style=\"background-color:#313431\"><\/span><div class=\"wp-block-cover__inner-container is-layout-flow wp-block-cover-is-layout-flow\">\n<div class=\"wp-block-buttons is-content-justification-center is-layout-flex wp-container-core-buttons-is-layout-16018d1d wp-block-buttons-is-layout-flex\">\n<div class=\"wp-block-button\"><a class=\"wp-block-button__link has-luminous-vivid-amber-background-color has-background has-custom-font-size wp-element-button\" style=\"font-size:28px\"><strong>Une R\u00e9servation<\/strong><\/a><\/div>\n<\/div>\n\n\n\n<p class=\"has-text-align-center has-large-font-size\"><\/p>\n<\/div><\/div>\n<\/div>\n\n\n\n<div class=\"wp-block-column is-layout-flow wp-block-column-is-layout-flow\">\n<div class=\"wp-block-cover\"><img data-recalc-dims=\"1\" loading=\"lazy\" decoding=\"async\" width=\"300\" height=\"300\" class=\"wp-block-cover__image-background wp-image-577 size-full\" alt=\"\" src=\"https:\/\/i0.wp.com\/pool-party.fr\/wp-content\/uploads\/2025\/08\/20-1.jpg?resize=300%2C300&#038;ssl=1\" data-object-fit=\"cover\" srcset=\"https:\/\/i0.wp.com\/pool-party.fr\/wp-content\/uploads\/2025\/08\/20-1.jpg?w=300&amp;ssl=1 300w, https:\/\/i0.wp.com\/pool-party.fr\/wp-content\/uploads\/2025\/08\/20-1.jpg?resize=100%2C100&amp;ssl=1 100w, https:\/\/i0.wp.com\/pool-party.fr\/wp-content\/uploads\/2025\/08\/20-1.jpg?resize=150%2C150&amp;ssl=1 150w\" sizes=\"auto, (max-width: 300px) 100vw, 300px\" \/><span aria-hidden=\"true\" class=\"wp-block-cover__background has-background-dim\" style=\"background-color:#322f2d\"><\/span><div class=\"wp-block-cover__inner-container is-layout-flow wp-block-cover-is-layout-flow\">\n<div class=\"wp-block-buttons is-content-justification-center is-layout-flex wp-container-core-buttons-is-layout-16018d1d wp-block-buttons-is-layout-flex\">\n<div class=\"wp-block-button\"><a class=\"wp-block-button__link has-luminous-vivid-amber-background-color has-background has-custom-font-size wp-element-button\" href=\"https:\/\/pool-party.fr\/index.php\/evenements\/\" style=\"font-size:28px\"><strong>Un \u00e9v\u00e8nement<\/strong><\/a><\/div>\n<\/div>\n\n\n\n<p class=\"has-text-align-center has-large-font-size\"><\/p>\n<\/div><\/div>\n<\/div>\n\n\n\n<div class=\"wp-block-column is-layout-flow wp-block-column-is-layout-flow\">\n<div class=\"wp-block-cover\"><img data-recalc-dims=\"1\" loading=\"lazy\" decoding=\"async\" width=\"300\" height=\"300\" class=\"wp-block-cover__image-background wp-image-575 size-full\" alt=\"\" src=\"https:\/\/i0.wp.com\/pool-party.fr\/wp-content\/uploads\/2025\/08\/18.jpg?resize=300%2C300&#038;ssl=1\" data-object-fit=\"cover\" srcset=\"https:\/\/i0.wp.com\/pool-party.fr\/wp-content\/uploads\/2025\/08\/18.jpg?w=300&amp;ssl=1 300w, https:\/\/i0.wp.com\/pool-party.fr\/wp-content\/uploads\/2025\/08\/18.jpg?resize=100%2C100&amp;ssl=1 100w, https:\/\/i0.wp.com\/pool-party.fr\/wp-content\/uploads\/2025\/08\/18.jpg?resize=150%2C150&amp;ssl=1 150w\" sizes=\"auto, (max-width: 300px) 100vw, 300px\" \/><span aria-hidden=\"true\" class=\"wp-block-cover__background has-background-dim\" style=\"background-color:#393938\"><\/span><div class=\"wp-block-cover__inner-container is-layout-flow wp-block-cover-is-layout-flow\">\n<div class=\"wp-block-buttons is-content-justification-center is-layout-flex wp-container-core-buttons-is-layout-16018d1d wp-block-buttons-is-layout-flex\">\n<div class=\"wp-block-button\"><a class=\"wp-block-button__link has-luminous-vivid-amber-background-color has-background has-custom-font-size wp-element-button\" href=\"https:\/\/pool-party.fr\/index.php\/devenir-hote\/\" style=\"border-radius:88px;font-size:28px\"><strong>Devenir h\u00f4te<\/strong><\/a><\/div>\n<\/div>\n\n\n\n<p class=\"has-text-align-center has-white-color has-text-color has-link-color has-large-font-size wp-elements-9642b5a85b07f0576d76d753e8ee0c16\"><\/p>\n<\/div><\/div>\n<\/div>\n<\/div>\n\n\n\n<div style=\"height:20px\" aria-hidden=\"true\" class=\"wp-block-spacer\"><\/div>\n\n\n\n<p class=\"has-text-align-center has-background\" style=\"background-color:#f9f5e4;font-size:25px\">Vous ne trouvez pas la r\u00e9ponse \u00e0 votre question ? <\/p>\n\n\n\n<p class=\"has-text-align-center has-background\" style=\"background-color:#f9f5e4;font-size:25px\">Notre Service Relation Client est \u00e0 votre disposition :<\/p>\n\n\n\n<p class=\"has-text-align-center has-background\" style=\"background-color:#f9f5e4\">Remplissez le formulaire ci-dessous et nous vous r\u00e9pondrons dans un d\u00e9lai de 48 heures ouvr\u00e9es<\/p>\n\n\n\n<div class=\"wp-block-contact-form-7-contact-form-selector\">[contact-form-7 id=\u00a0\u00bb8259935&Prime; title=\u00a0\u00bbnous contacter\u00a0\u00bb]<\/div>\n\n\n\n<div style=\"height:20px\" aria-hidden=\"true\" class=\"wp-block-spacer\"><\/div>\n\n\n\n<p>Les donn\u00e9es collect\u00e9es sont trait\u00e9es par Pool party, pour traiter votre demande et effectuer des op\u00e9rations de gestion de la relation commerciale. Vous disposez d\u2019un droit d\u2019acc\u00e8s, de rectification, de suppression et de portabilit\u00e9 des informations qui vous concernent ainsi que d\u2019un droit d\u2019opposition et de limitation du traitement que vous pouvez exercer\u00a0<a href=\"https:\/\/pool-party.fr\/index.php\/qui-sommes-nous\/\" target=\"_blank\" rel=\"noreferrer noopener\">en nous contactant<\/a>. Pour en savoir plus, veuillez consulter notre\u00a0<a href=\"https:\/\/pool-party.fr\/index.php\/2025\/08\/16\/politique-de-confidentialite\/\" target=\"_blank\" rel=\"noreferrer noopener\">Politique de respect de la vie priv\u00e9e<\/a>.<\/p>\n","protected":false},"excerpt":{"rendered":"<p>POOL PARTY r\u00e9pond \u00e0 vos questions sur tous les sujets ! Vous avez besoin d\u2019aide ?Gagnez du temps en trouvant une r\u00e9ponse en quelques clics ! Votre question concerne : Vous ne trouvez pas la r\u00e9ponse \u00e0 votre question ? Notre Service Relation Client est \u00e0 votre disposition : Remplissez le formulaire ci-dessous et nous [&hellip;]<\/p>\n","protected":false},"author":2,"featured_media":0,"parent":0,"menu_order":0,"comment_status":"closed","ping_status":"closed","template":"","meta":{"jetpack_post_was_ever_published":true,"footnotes":""},"class_list":["post-76","page","type-page","status-publish","hentry"],"yoast_head":"<!-- This site is optimized with the Yoast SEO plugin v27.3 - https:\/\/yoast.com\/product\/yoast-seo-wordpress\/ -->\n<title>Nous contacter - Pool Party<\/title>\n<meta name=\"description\" content=\"Pool Party r\u00e9pond \u00e0 toutes vos questions : r\u00e9servation, \u00e9v\u00e8nement ou devenir h\u00f4te. Contactez notre service client facilement et rapidement.\" \/>\n<meta name=\"robots\" content=\"index, follow, max-snippet:-1, max-image-preview:large, max-video-preview:-1\" \/>\n<link rel=\"canonical\" href=\"https:\/\/pool-party.fr\/index.php\/qui-sommes-nous\/\" \/>\n<meta property=\"og:locale\" content=\"fr_FR\" \/>\n<meta property=\"og:type\" content=\"article\" \/>\n<meta property=\"og:title\" content=\"Nous contacter - Pool Party\" \/>\n<meta property=\"og:description\" content=\"Pool Party r\u00e9pond \u00e0 toutes vos questions : r\u00e9servation, \u00e9v\u00e8nement ou devenir h\u00f4te. Contactez notre service client facilement et rapidement.\" \/>\n<meta property=\"og:url\" content=\"https:\/\/pool-party.fr\/index.php\/qui-sommes-nous\/\" \/>\n<meta property=\"og:site_name\" content=\"Pool Party\" \/>\n<meta property=\"article:modified_time\" content=\"2025-08-19T20:15:03+00:00\" \/>\n<meta property=\"og:image\" content=\"https:\/\/pool-party.fr\/wp-content\/uploads\/2025\/08\/19-1.jpg\" \/>\n<meta name=\"twitter:card\" content=\"summary_large_image\" \/>\n<meta name=\"twitter:label1\" content=\"Dur\u00e9e de lecture estim\u00e9e\" \/>\n\t<meta name=\"twitter:data1\" content=\"2 minutes\" \/>\n<script type=\"application\/ld+json\" class=\"yoast-schema-graph\">{\"@context\":\"https:\\\/\\\/schema.org\",\"@graph\":[{\"@type\":\"WebPage\",\"@id\":\"https:\\\/\\\/pool-party.fr\\\/index.php\\\/qui-sommes-nous\\\/\",\"url\":\"https:\\\/\\\/pool-party.fr\\\/index.php\\\/qui-sommes-nous\\\/\",\"name\":\"Nous contacter - Pool Party\",\"isPartOf\":{\"@id\":\"https:\\\/\\\/pool-party.fr\\\/#website\"},\"primaryImageOfPage\":{\"@id\":\"https:\\\/\\\/pool-party.fr\\\/index.php\\\/qui-sommes-nous\\\/#primaryimage\"},\"image\":{\"@id\":\"https:\\\/\\\/pool-party.fr\\\/index.php\\\/qui-sommes-nous\\\/#primaryimage\"},\"thumbnailUrl\":\"https:\\\/\\\/pool-party.fr\\\/wp-content\\\/uploads\\\/2025\\\/08\\\/19-1.jpg\",\"datePublished\":\"2025-07-27T16:09:54+00:00\",\"dateModified\":\"2025-08-19T20:15:03+00:00\",\"description\":\"Pool Party r\u00e9pond \u00e0 toutes vos questions : r\u00e9servation, \u00e9v\u00e8nement ou devenir h\u00f4te. Contactez notre service client facilement et rapidement.\",\"breadcrumb\":{\"@id\":\"https:\\\/\\\/pool-party.fr\\\/index.php\\\/qui-sommes-nous\\\/#breadcrumb\"},\"inLanguage\":\"fr-FR\",\"potentialAction\":[{\"@type\":\"ReadAction\",\"target\":[\"https:\\\/\\\/pool-party.fr\\\/index.php\\\/qui-sommes-nous\\\/\"]}]},{\"@type\":\"ImageObject\",\"inLanguage\":\"fr-FR\",\"@id\":\"https:\\\/\\\/pool-party.fr\\\/index.php\\\/qui-sommes-nous\\\/#primaryimage\",\"url\":\"https:\\\/\\\/i0.wp.com\\\/pool-party.fr\\\/wp-content\\\/uploads\\\/2025\\\/08\\\/19-1.jpg?fit=300%2C300&ssl=1\",\"contentUrl\":\"https:\\\/\\\/i0.wp.com\\\/pool-party.fr\\\/wp-content\\\/uploads\\\/2025\\\/08\\\/19-1.jpg?fit=300%2C300&ssl=1\",\"width\":300,\"height\":300,\"caption\":\"Photo d'une piscine ext\u00e9rieur\"},{\"@type\":\"BreadcrumbList\",\"@id\":\"https:\\\/\\\/pool-party.fr\\\/index.php\\\/qui-sommes-nous\\\/#breadcrumb\",\"itemListElement\":[{\"@type\":\"ListItem\",\"position\":1,\"name\":\"Accueil\",\"item\":\"https:\\\/\\\/pool-party.fr\\\/\"},{\"@type\":\"ListItem\",\"position\":2,\"name\":\"Nous contacter\"}]},{\"@type\":\"WebSite\",\"@id\":\"https:\\\/\\\/pool-party.fr\\\/#website\",\"url\":\"https:\\\/\\\/pool-party.fr\\\/\",\"name\":\"Pool Party\",\"description\":\"\",\"publisher\":{\"@id\":\"https:\\\/\\\/pool-party.fr\\\/#organization\"},\"potentialAction\":[{\"@type\":\"SearchAction\",\"target\":{\"@type\":\"EntryPoint\",\"urlTemplate\":\"https:\\\/\\\/pool-party.fr\\\/?s={search_term_string}\"},\"query-input\":{\"@type\":\"PropertyValueSpecification\",\"valueRequired\":true,\"valueName\":\"search_term_string\"}}],\"inLanguage\":\"fr-FR\"},{\"@type\":\"Organization\",\"@id\":\"https:\\\/\\\/pool-party.fr\\\/#organization\",\"name\":\"Pool Party\",\"url\":\"https:\\\/\\\/pool-party.fr\\\/\",\"logo\":{\"@type\":\"ImageObject\",\"inLanguage\":\"fr-FR\",\"@id\":\"https:\\\/\\\/pool-party.fr\\\/#\\\/schema\\\/logo\\\/image\\\/\",\"url\":\"https:\\\/\\\/pool-party.fr\\\/wp-content\\\/uploads\\\/2025\\\/07\\\/Plan-de-travail-4.png\",\"contentUrl\":\"https:\\\/\\\/pool-party.fr\\\/wp-content\\\/uploads\\\/2025\\\/07\\\/Plan-de-travail-4.png\",\"width\":500,\"height\":500,\"caption\":\"Pool Party\"},\"image\":{\"@id\":\"https:\\\/\\\/pool-party.fr\\\/#\\\/schema\\\/logo\\\/image\\\/\"},\"sameAs\":[\"https:\\\/\\\/www.instagram.com\\\/poolparty252025\\\/\"]}]}<\/script>\n<!-- \/ Yoast SEO plugin. -->","yoast_head_json":{"title":"Nous contacter - Pool Party","description":"Pool Party r\u00e9pond \u00e0 toutes vos questions : r\u00e9servation, \u00e9v\u00e8nement ou devenir h\u00f4te. Contactez notre service client facilement et rapidement.","robots":{"index":"index","follow":"follow","max-snippet":"max-snippet:-1","max-image-preview":"max-image-preview:large","max-video-preview":"max-video-preview:-1"},"canonical":"https:\/\/pool-party.fr\/index.php\/qui-sommes-nous\/","og_locale":"fr_FR","og_type":"article","og_title":"Nous contacter - Pool Party","og_description":"Pool Party r\u00e9pond \u00e0 toutes vos questions : r\u00e9servation, \u00e9v\u00e8nement ou devenir h\u00f4te. Contactez notre service client facilement et rapidement.","og_url":"https:\/\/pool-party.fr\/index.php\/qui-sommes-nous\/","og_site_name":"Pool Party","article_modified_time":"2025-08-19T20:15:03+00:00","og_image":[{"url":"https:\/\/pool-party.fr\/wp-content\/uploads\/2025\/08\/19-1.jpg","type":"","width":"","height":""}],"twitter_card":"summary_large_image","twitter_misc":{"Dur\u00e9e de lecture estim\u00e9e":"2 minutes"},"schema":{"@context":"https:\/\/schema.org","@graph":[{"@type":"WebPage","@id":"https:\/\/pool-party.fr\/index.php\/qui-sommes-nous\/","url":"https:\/\/pool-party.fr\/index.php\/qui-sommes-nous\/","name":"Nous contacter - Pool Party","isPartOf":{"@id":"https:\/\/pool-party.fr\/#website"},"primaryImageOfPage":{"@id":"https:\/\/pool-party.fr\/index.php\/qui-sommes-nous\/#primaryimage"},"image":{"@id":"https:\/\/pool-party.fr\/index.php\/qui-sommes-nous\/#primaryimage"},"thumbnailUrl":"https:\/\/pool-party.fr\/wp-content\/uploads\/2025\/08\/19-1.jpg","datePublished":"2025-07-27T16:09:54+00:00","dateModified":"2025-08-19T20:15:03+00:00","description":"Pool Party r\u00e9pond \u00e0 toutes vos questions : r\u00e9servation, \u00e9v\u00e8nement ou devenir h\u00f4te. Contactez notre service client facilement et rapidement.","breadcrumb":{"@id":"https:\/\/pool-party.fr\/index.php\/qui-sommes-nous\/#breadcrumb"},"inLanguage":"fr-FR","potentialAction":[{"@type":"ReadAction","target":["https:\/\/pool-party.fr\/index.php\/qui-sommes-nous\/"]}]},{"@type":"ImageObject","inLanguage":"fr-FR","@id":"https:\/\/pool-party.fr\/index.php\/qui-sommes-nous\/#primaryimage","url":"https:\/\/i0.wp.com\/pool-party.fr\/wp-content\/uploads\/2025\/08\/19-1.jpg?fit=300%2C300&ssl=1","contentUrl":"https:\/\/i0.wp.com\/pool-party.fr\/wp-content\/uploads\/2025\/08\/19-1.jpg?fit=300%2C300&ssl=1","width":300,"height":300,"caption":"Photo d'une piscine ext\u00e9rieur"},{"@type":"BreadcrumbList","@id":"https:\/\/pool-party.fr\/index.php\/qui-sommes-nous\/#breadcrumb","itemListElement":[{"@type":"ListItem","position":1,"name":"Accueil","item":"https:\/\/pool-party.fr\/"},{"@type":"ListItem","position":2,"name":"Nous contacter"}]},{"@type":"WebSite","@id":"https:\/\/pool-party.fr\/#website","url":"https:\/\/pool-party.fr\/","name":"Pool Party","description":"","publisher":{"@id":"https:\/\/pool-party.fr\/#organization"},"potentialAction":[{"@type":"SearchAction","target":{"@type":"EntryPoint","urlTemplate":"https:\/\/pool-party.fr\/?s={search_term_string}"},"query-input":{"@type":"PropertyValueSpecification","valueRequired":true,"valueName":"search_term_string"}}],"inLanguage":"fr-FR"},{"@type":"Organization","@id":"https:\/\/pool-party.fr\/#organization","name":"Pool Party","url":"https:\/\/pool-party.fr\/","logo":{"@type":"ImageObject","inLanguage":"fr-FR","@id":"https:\/\/pool-party.fr\/#\/schema\/logo\/image\/","url":"https:\/\/pool-party.fr\/wp-content\/uploads\/2025\/07\/Plan-de-travail-4.png","contentUrl":"https:\/\/pool-party.fr\/wp-content\/uploads\/2025\/07\/Plan-de-travail-4.png","width":500,"height":500,"caption":"Pool Party"},"image":{"@id":"https:\/\/pool-party.fr\/#\/schema\/logo\/image\/"},"sameAs":["https:\/\/www.instagram.com\/poolparty252025\/"]}]}},"jetpack_sharing_enabled":true,"_links":{"self":[{"href":"https:\/\/pool-party.fr\/index.php\/wp-json\/wp\/v2\/pages\/76","targetHints":{"allow":["GET"]}}],"collection":[{"href":"https:\/\/pool-party.fr\/index.php\/wp-json\/wp\/v2\/pages"}],"about":[{"href":"https:\/\/pool-party.fr\/index.php\/wp-json\/wp\/v2\/types\/page"}],"author":[{"embeddable":true,"href":"https:\/\/pool-party.fr\/index.php\/wp-json\/wp\/v2\/users\/2"}],"replies":[{"embeddable":true,"href":"https:\/\/pool-party.fr\/index.php\/wp-json\/wp\/v2\/comments?post=76"}],"version-history":[{"count":34,"href":"https:\/\/pool-party.fr\/index.php\/wp-json\/wp\/v2\/pages\/76\/revisions"}],"predecessor-version":[{"id":751,"href":"https:\/\/pool-party.fr\/index.php\/wp-json\/wp\/v2\/pages\/76\/revisions\/751"}],"wp:attachment":[{"href":"https:\/\/pool-party.fr\/index.php\/wp-json\/wp\/v2\/media?parent=76"}],"curies":[{"name":"wp","href":"https:\/\/api.w.org\/{rel}","templated":true}]}}